{"id":9,"date":"2025-05-04T10:36:10","date_gmt":"2025-05-04T10:36:10","guid":{"rendered":"https:\/\/www.aurora-immoservice.de\/?page_id=9"},"modified":"2025-05-06T19:48:48","modified_gmt":"2025-05-06T19:48:48","slug":"startseite","status":"publish","type":"page","link":"https:\/\/www.aurora-immoservice.de\/","title":{"rendered":"Startseite"},"content":{"rendered":"\n<div class=\"wp-block-cover alignfull is-light\" style=\"min-height:720px;aspect-ratio:unset;\" id=\"startseite-oben\"><span aria-hidden=\"true\" class=\"wp-block-cover__background has-background-dim-100 has-background-dim\" style=\"background-color:#d7d7d7\"><\/span><div class=\"wp-block-cover__inner-container is-layout-flow wp-block-cover-is-layout-flow\">\n<hr class=\"wp-block-separator has-alpha-channel-opacity\"\/>\n\n\n\n<div class=\"inherit-container-width wp-block-group alignwide is-layout-constrained wp-block-group-is-layout-constrained\">\n<div class=\"wp-block-media-text alignwide has-media-on-the-right is-stacked-on-mobile is-vertically-aligned-center\" style=\"grid-template-columns:auto 28%\"><div class=\"wp-block-media-text__content\">\n<h1 class=\"wp-block-heading has-text-align-left has-ast-global-color-2-color has-text-color has-x-large-font-size\">Ihr professionelles Handwerks Team<\/h1>\n\n\n\n<p class=\"has-white-color has-text-color has-ast-global-color-2-color has-link-color wp-elements-d3b754d485e29595068496127fdf27e5\">Wir sind ein in Essen ans\u00e4ssiger Malermeister Betrieb, welcher sich auf Maler und Fassadenarbeiten, die Bodenverlegung und den kompletten Innenausbau ihrer Immobilie spezialisiert hat.<\/p>\n\n\n\n<p class=\"has-white-color has-text-color has-ast-global-color-2-color has-link-color wp-elements-ef1e78dac6e8fdf72fc16ba5c57c46d1\">Gerne helfen wir ihnen durch unser starkes Netzwerk aber auch bei &#8222;fast&#8220; allen Anliegen, rund um ihre Immobilie weiter.<\/p>\n\n\n\n<div class=\"wp-block-buttons is-layout-flex wp-block-buttons-is-layout-flex\">\n<div class=\"wp-block-button is-style-fill\"><a class=\"wp-block-button__link has-ast-global-color-4-color has-vivid-red-background-color has-text-color has-background has-link-color wp-element-button\" href=\"#kontakt-formular\">Kontakt<\/a><\/div>\n<\/div>\n<\/div><figure class=\"wp-block-media-text__media\"><img loading=\"lazy\" decoding=\"async\" width=\"253\" height=\"302\" src=\"https:\/\/www.aurora-immoservice.de\/wp-content\/uploads\/2025\/05\/Logo_Aurora_2025_01_web_klein.png\" alt=\"Aurora Immoservice GmbH - Meisterbetrieb\" class=\"wp-image-33 size-full\" srcset=\"https:\/\/www.aurora-immoservice.de\/wp-content\/uploads\/2025\/05\/Logo_Aurora_2025_01_web_klein.png 253w, https:\/\/www.aurora-immoservice.de\/wp-content\/uploads\/2025\/05\/Logo_Aurora_2025_01_web_klein-251x300.png 251w\" sizes=\"auto, (max-width: 253px) 100vw, 253px\" \/><\/figure><\/div>\n<\/div>\n<\/div><\/div>\n\n\n\n<div class=\"wp-block-group alignfull has-background is-layout-constrained wp-container-core-group-is-layout-9cedb757 wp-block-group-is-layout-constrained\" style=\"background-color:#d8d8d8;padding-bottom:0px\">\n<div class=\"wp-block-columns are-vertically-aligned-top is-layout-flex wp-container-core-columns-is-layout-00723822 wp-block-columns-is-layout-flex\">\n<div class=\"wp-block-column is-vertically-aligned-top is-layout-flow wp-container-core-column-is-layout-6b73ce23 wp-block-column-is-layout-flow\">\n<figure class=\"wp-block-image size-full is-resized is-style-rounded\"><a href=\"https:\/\/www.aurora-immoservice.de\/?page_id=2\"><img loading=\"lazy\" decoding=\"async\" width=\"1024\" height=\"1024\" src=\"https:\/\/www.aurora-immoservice.de\/wp-content\/uploads\/2025\/05\/MalerBild_Web.png\" alt=\"Aurora Immoservice GmbH - Meisterbetrieb - \nMalerarbeiten\" class=\"wp-image-35\" style=\"width:242px;height:auto\" srcset=\"https:\/\/www.aurora-immoservice.de\/wp-content\/uploads\/2025\/05\/MalerBild_Web.png 1024w, https:\/\/www.aurora-immoservice.de\/wp-content\/uploads\/2025\/05\/MalerBild_Web-300x300.png 300w, https:\/\/www.aurora-immoservice.de\/wp-content\/uploads\/2025\/05\/MalerBild_Web-150x150.png 150w, https:\/\/www.aurora-immoservice.de\/wp-content\/uploads\/2025\/05\/MalerBild_Web-768x768.png 768w\" sizes=\"auto, (max-width: 1024px) 100vw, 1024px\" \/><\/a><\/figure>\n\n\n\n<h3 class=\"wp-block-heading has-text-align-left\" style=\"margin-top:16px\"><a href=\"https:\/\/www.aurora-immoservice.de\/?page_id=2\" data-type=\"page\" data-id=\"2\">Malerarbeiten<\/a><\/h3>\n\n\n\n<p class=\"has-text-align-left\">Professionelle Malerarbeiten umfassen das fachgerechte Streichen, Lackieren und Gestalten von Innen- und Au\u00dfenfl\u00e4chen. Sie zeichnen sich durch pr\u00e4zise Vorbereitung, hochwertige Materialien und saubere Ausf\u00fchrung aus. Ziel ist es, nicht nur die Optik zu verbessern, sondern auch den langfristigen Schutz der Oberfl\u00e4chen zu gew\u00e4hrleisten.<\/p>\n<\/div>\n\n\n\n<div class=\"wp-block-column is-vertically-aligned-top is-layout-flow wp-container-core-column-is-layout-6b73ce23 wp-block-column-is-layout-flow\">\n<figure class=\"wp-block-image size-full is-resized is-style-rounded\"><a href=\"https:\/\/www.aurora-immoservice.de\/?page_id=83\"><img loading=\"lazy\" decoding=\"async\" width=\"1024\" height=\"1024\" src=\"https:\/\/www.aurora-immoservice.de\/wp-content\/uploads\/2025\/05\/Fassadenarbeit_Web.png\" alt=\"Aurora Immoservice GmbH - Meisterbetrieb -Fassadenarbeiten\" class=\"wp-image-38\" style=\"width:242px;height:auto\" srcset=\"https:\/\/www.aurora-immoservice.de\/wp-content\/uploads\/2025\/05\/Fassadenarbeit_Web.png 1024w, https:\/\/www.aurora-immoservice.de\/wp-content\/uploads\/2025\/05\/Fassadenarbeit_Web-300x300.png 300w, https:\/\/www.aurora-immoservice.de\/wp-content\/uploads\/2025\/05\/Fassadenarbeit_Web-150x150.png 150w, https:\/\/www.aurora-immoservice.de\/wp-content\/uploads\/2025\/05\/Fassadenarbeit_Web-768x768.png 768w\" sizes=\"auto, (max-width: 1024px) 100vw, 1024px\" \/><\/a><\/figure>\n\n\n\n<h3 class=\"wp-block-heading has-text-align-left\" style=\"margin-top:16px\"><a href=\"https:\/\/www.aurora-immoservice.de\/?page_id=83\" data-type=\"page\" data-id=\"83\">Fassadenarbeiten<\/a><\/h3>\n\n\n\n<p class=\"has-text-align-left\">Professionelle Fassadenarbeiten beinhalten die Reinigung, Sanierung und den Anstrich von Au\u00dfenfassaden zum Schutz vor Witterungseinfl\u00fcssen und zur optischen Aufwertung. Dabei werden geeignete Materialien und Techniken eingesetzt, um Langlebigkeit und Energieeffizienz zu gew\u00e4hrleisten. Eine fachgerechte Ausf\u00fchrung sorgt zudem f\u00fcr den Werterhalt und die dauerhafte Funktionalit\u00e4t der Geb\u00e4udeh\u00fclle.<\/p>\n<\/div>\n\n\n\n<div class=\"wp-block-column is-vertically-aligned-top is-layout-flow wp-container-core-column-is-layout-6b73ce23 wp-block-column-is-layout-flow\">\n<figure class=\"wp-block-image size-full is-resized is-style-rounded\"><a href=\"https:\/\/www.aurora-immoservice.de\/?page_id=95\"><img loading=\"lazy\" decoding=\"async\" width=\"1024\" height=\"1024\" src=\"https:\/\/www.aurora-immoservice.de\/wp-content\/uploads\/2025\/05\/1744800432549no5ei1g5.png\" alt=\"Aurora Immoservice GmbH - Meisterbetrieb - Bodenverlege arbeiten\" class=\"wp-image-41\" style=\"width:242px;height:auto\" srcset=\"https:\/\/www.aurora-immoservice.de\/wp-content\/uploads\/2025\/05\/1744800432549no5ei1g5.png 1024w, https:\/\/www.aurora-immoservice.de\/wp-content\/uploads\/2025\/05\/1744800432549no5ei1g5-300x300.png 300w, https:\/\/www.aurora-immoservice.de\/wp-content\/uploads\/2025\/05\/1744800432549no5ei1g5-150x150.png 150w, https:\/\/www.aurora-immoservice.de\/wp-content\/uploads\/2025\/05\/1744800432549no5ei1g5-768x768.png 768w\" sizes=\"auto, (max-width: 1024px) 100vw, 1024px\" \/><\/a><\/figure>\n\n\n\n<h3 class=\"wp-block-heading has-text-align-left\" style=\"margin-top:16px\"><a href=\"https:\/\/www.aurora-immoservice.de\/?page_id=95\" data-type=\"page\" data-id=\"95\">Bodenverlegung<\/a><\/h3>\n\n\n\n<p class=\"has-text-align-left\">Professionelle Bodenverlegung umfasst das pr\u00e4zise Verlegen von Bodenbel\u00e4gen wie Parkett, Laminat, Vinyl oder Teppich durch geschulte Fachkr\u00e4fte. Dabei werden Untergrundvorbereitung, Materialauswahl und Verlegetechnik optimal aufeinander abgestimmt. Das Ergebnis ist ein langlebiger, \u00e4sthetischer und funktionaler Bodenbelag, der h\u00f6chsten Qualit\u00e4tsanspr\u00fcchen gen\u00fcgt.<\/p>\n<\/div>\n\n\n\n<div class=\"wp-block-column is-vertically-aligned-top is-layout-flow wp-container-core-column-is-layout-6b73ce23 wp-block-column-is-layout-flow\">\n<figure class=\"wp-block-image size-full is-resized is-style-rounded\"><a href=\"https:\/\/www.aurora-immoservice.de\/?page_id=104\"><img loading=\"lazy\" decoding=\"async\" width=\"1024\" height=\"1024\" src=\"https:\/\/www.aurora-immoservice.de\/wp-content\/uploads\/2025\/05\/174480120843352tmidai.png\" alt=\"Aurora Immoservice GmbH - Meisterbetrieb - Innenausbau\" class=\"wp-image-44\" style=\"width:243px;height:auto\" srcset=\"https:\/\/www.aurora-immoservice.de\/wp-content\/uploads\/2025\/05\/174480120843352tmidai.png 1024w, https:\/\/www.aurora-immoservice.de\/wp-content\/uploads\/2025\/05\/174480120843352tmidai-300x300.png 300w, https:\/\/www.aurora-immoservice.de\/wp-content\/uploads\/2025\/05\/174480120843352tmidai-150x150.png 150w, https:\/\/www.aurora-immoservice.de\/wp-content\/uploads\/2025\/05\/174480120843352tmidai-768x768.png 768w\" sizes=\"auto, (max-width: 1024px) 100vw, 1024px\" \/><\/a><\/figure>\n\n\n\n<h3 class=\"wp-block-heading has-text-align-left\" style=\"margin-top:16px\"><a href=\"https:\/\/www.aurora-immoservice.de\/?page_id=104\" data-type=\"page\" data-id=\"104\">Innenausbau<\/a><\/h3>\n\n\n\n<p class=\"has-text-align-left\">Professioneller Innenausbau beinhaltet die umfassende Gestaltung und Optimierung von Innenr\u00e4umen, einschlie\u00dflich Trockenbau, D\u00e4mmung, Boden- und Deckenarbeiten. Dabei stehen Funktionalit\u00e4t, Design und handwerkliche Pr\u00e4zision im Vordergrund. Ziel ist es, individuelle Wohn- oder Arbeitswelten zu schaffen, die sowohl optisch als auch technisch \u00fcberzeugen.<\/p>\n<\/div>\n<\/div>\n<\/div>\n\n\n\n<div class=\"wp-block-group alignfull is-layout-constrained wp-container-core-group-is-layout-45b0ac4f wp-block-group-is-layout-constrained\" id=\"services\" style=\"padding-top:144px;padding-bottom:0px\">\n<h2 class=\"wp-block-heading\">Unsere Leistungen<\/h2>\n\n\n\n<div class=\"wp-block-columns is-layout-flex wp-container-core-columns-is-layout-60cbf9bb wp-block-columns-is-layout-flex\" style=\"margin-top:50px\">\n<div class=\"wp-block-column is-layout-flow wp-block-column-is-layout-flow\">\n<ul class=\"wp-block-list\">\n<li>Malerarbeiten (Streichen, Tapezieren, Lackieren, Spachteln, etc.)<\/li>\n\n\n\n<li>Bodenverlegung<\/li>\n\n\n\n<li>Kreativtechnikken \/ Fugenlose B\u00e4der<\/li>\n\n\n\n<li>Fassadenarbeiten (Anstrich, WDVS, Renovierung)<\/li>\n\n\n\n<li>Innenausbau<\/li>\n<\/ul>\n<\/div>\n<\/div>\n\n\n\n<p class=\"has-ast-global-color-2-color has-text-color has-link-color has-large-font-size wp-elements-6b4391a6af0647a59533ad57a759aa21\" id=\"kontakt-formular\"><strong>Kontakt &#8211; Formular<\/strong><\/p>\n\n\n\n<p class=\"has-medium-font-size\">Senden Sie uns Ihre Anfrage:<\/p>\n<\/div>\n\n\n\n<div class=\"wp-block-columns has-ast-global-color-2-color has-text-color has-background has-link-color wp-elements-69bd63601a47811ce2e9dee0bec5a76f is-layout-flex wp-container-core-columns-is-layout-28f84493 wp-block-columns-is-layout-flex\" style=\"background-color:#e9e9e9\">\n<div class=\"wp-block-column is-layout-flow wp-block-column-is-layout-flow\">\n<form method=\"post\" class=\"wp-block-gutena-forms gutena-forms-kontakt---formular gutena_forms_ID_4eccc306218_45202511345 input-box-border-bottom-only after_submit_message is-layout-flow wp-container-gutena-forms-is-layout-087378d9 wp-block-gutena-forms-is-layout-flow\" style=\"padding-top:2rem;padding-right:1.25rem;padding-bottom:5rem;padding-left:1.25rem\"><input type=\"hidden\" name=\"formid\" value=\"gutena_forms_ID_4eccc306218_45202511345\"\/>\n<div class=\"wp-block-columns alignfull are-vertically-aligned-top is-layout-flex wp-container-core-columns-is-layout-28f84493 wp-block-columns-is-layout-flex\">\n<div class=\"wp-block-column is-vertically-aligned-top is-layout-flow wp-block-column-is-layout-flow\">\n<div class=\"wp-block-gutena-field-group  field-group-type-text is-layout-flow wp-block-gutena-field-group-is-layout-flow\">\n<div class=\"wp-block-group has-ast-global-color-2-color has-text-color has-link-color wp-elements-7085413b9024aa3574fac18c4ba01a4e is-vertical is-layout-flex wp-container-core-group-is-layout-501cef26 wp-block-group-is-layout-flex\">\n<h3 class=\"wp-block-heading heading-input-label-gutena\">Vorname:<\/h3>\n\n\n<div class=\"gutena-forms-text-field field-name-first_name  wp-elements-db4d6c121224b9820efacf41a75b451c wp-block-gutena-form-field has-text-color has-ast-global-color-2-color\"><input\n\t\t\t\tid=\"first_name\"\n\t\t\t\t name=\"first_name\" type=\"text\" class=\"gutena-forms-field text-field required-field  \" placeholder=\"Geben Sie Ihren Vornamen ein.\"  required\n\t\t\t\t\/><\/div><\/div>\n\n\n\n<p class=\"gutena-forms-field-error-msg\"><\/p>\n<\/div>\n<\/div>\n\n\n\n<div class=\"wp-block-column is-vertically-aligned-top is-layout-flow wp-block-column-is-layout-flow\">\n<div class=\"wp-block-gutena-field-group  field-group-type-text is-layout-flow wp-block-gutena-field-group-is-layout-flow\">\n<div class=\"wp-block-group is-vertical is-layout-flex wp-container-core-group-is-layout-501cef26 wp-block-group-is-layout-flex\">\n<h3 class=\"wp-block-heading heading-input-label-gutena\">Nachname<\/h3>\n\n\n<div class=\"gutena-forms-text-field field-name-last_name  wp-elements-9af88c6ff3a495da331fb5a4a7f9c290 wp-block-gutena-form-field has-text-color has-ast-global-color-2-color\"><input\n\t\t\t\tid=\"last_name\"\n\t\t\t\t name=\"last_name\" type=\"text\" class=\"gutena-forms-field text-field required-field  \" placeholder=\"Geben Sie hier Ihren Nachnamen ein.\"  required\n\t\t\t\t\/><\/div><\/div>\n\n\n\n<p class=\"gutena-forms-field-error-msg\"><\/p>\n<\/div>\n<\/div>\n<\/div>\n\n\n\n<div class=\"wp-block-columns alignfull are-vertically-aligned-top is-layout-flex wp-container-core-columns-is-layout-28f84493 wp-block-columns-is-layout-flex\">\n<div class=\"wp-block-column is-vertically-aligned-top is-layout-flow wp-block-column-is-layout-flow\">\n<div class=\"wp-block-gutena-field-group  field-group-type-text is-layout-flow wp-block-gutena-field-group-is-layout-flow\">\n<div class=\"wp-block-group is-vertical is-layout-flex wp-container-core-group-is-layout-501cef26 wp-block-group-is-layout-flex\">\n<h3 class=\"wp-block-heading heading-input-label-gutena has-ast-global-color-2-color has-text-color has-link-color wp-elements-c48816b9377f61bca7ce29fb9da246d0\">Betreff:<\/h3>\n\n\n<div class=\"gutena-forms-text-field field-name-subject  wp-elements-6457215ffb81db756c8cdb5eec9ac7af wp-block-gutena-form-field has-text-color has-ast-global-color-2-color\"><input\n\t\t\t\tid=\"subject\"\n\t\t\t\t name=\"subject\" type=\"text\" class=\"gutena-forms-field text-field required-field  \" placeholder=\"Geben Sie hier eine Betreff ein.\"  required\n\t\t\t\t\/><\/div><\/div>\n\n\n\n<p class=\"gutena-forms-field-error-msg\"><\/p>\n<\/div>\n<\/div>\n\n\n\n<div class=\"wp-block-column is-vertically-aligned-top is-layout-flow wp-block-column-is-layout-flow\">\n<div class=\"wp-block-gutena-field-group  field-group-type-email is-layout-flow wp-block-gutena-field-group-is-layout-flow\">\n<div class=\"wp-block-group is-vertical is-layout-flex wp-container-core-group-is-layout-501cef26 wp-block-group-is-layout-flex\">\n<h3 class=\"wp-block-heading heading-input-label-gutena has-ast-global-color-2-color has-text-color has-link-color wp-elements-c409372cccb832c6bd6c361b8840cf70\">E-Mail Adresse<\/h3>\n\n\n<div class=\"gutena-forms-email-field field-name-email  wp-elements-49edd547a5eaeffb52ba3b2845ec8fd6 wp-block-gutena-form-field has-text-color has-ast-global-color-2-color\"><input\n\t\t\t\tid=\"email\"\n\t\t\t\t name=\"email\" type=\"email\" class=\"gutena-forms-field email-field required-field  \" placeholder=\"Geben Sie hier Ihre Mail Adresse ein: beispiel@beispiel.de.com\"  required\n\t\t\t\t\/><\/div><\/div>\n\n\n\n<p class=\"gutena-forms-field-error-msg\"><\/p>\n<\/div>\n<\/div>\n<\/div>\n\n\n\n<div class=\"wp-block-columns alignfull are-vertically-aligned-top is-layout-flex wp-container-core-columns-is-layout-28f84493 wp-block-columns-is-layout-flex\">\n<div class=\"wp-block-column is-vertically-aligned-top is-layout-flow wp-block-column-is-layout-flow\">\n<div class=\"wp-block-gutena-field-group  field-group-type-textarea is-layout-flow wp-block-gutena-field-group-is-layout-flow\">\n<div class=\"wp-block-group is-vertical is-layout-flex wp-container-core-group-is-layout-501cef26 wp-block-group-is-layout-flex\">\n<h3 class=\"wp-block-heading heading-input-label-gutena has-ast-global-color-2-color has-text-color has-link-color wp-elements-ca3248c3410bc5418e0a33b0d189e22e\">Nachnricht:<\/h3>\n\n\n<div class=\"gutena-forms-textarea-field field-name-message  wp-elements-78b3be443524c782245621873e9f5445 wp-block-gutena-form-field has-text-color has-ast-global-color-6-color\"><textarea\n\t\t\t\tid=\"message\"\n\t\t\t\t name=\"message\" rows=\"5\" class=\"gutena-forms-field textarea-field required-field  \" placeholder=\"Geben Sie hier Ihre Nachricht ein\"  required\n\t\t\t\t><\/textarea><\/div><\/div>\n\n\n\n<p class=\"gutena-forms-field-error-msg\"><\/p>\n<\/div>\n<\/div>\n<\/div>\n\n\n\n<div class=\"wp-block-columns alignfull are-vertically-aligned-top is-layout-flex wp-container-core-columns-is-layout-28f84493 wp-block-columns-is-layout-flex\">\n<div class=\"wp-block-column is-vertically-aligned-top is-layout-flow wp-block-column-is-layout-flow\">\n<div class=\"wp-block-buttons gutena-forms-submit-buttons is-layout-flex wp-block-buttons-is-layout-flex\">\n<div class=\"wp-block-button gutena-forms-submit-button is-style-fill\"><button class=\"wp-block-button__link has-ast-global-color-4-color has-vivid-red-background-color has-text-color has-background has-link-color wp-element-button\">Senden<\/button><\/div>\n<\/div>\n<\/div>\n<\/div>\n\n\n\n<div class=\"wp-block-gutena-form-confirm-msg alignfull is-layout-flow wp-block-gutena-form-confirm-msg-is-layout-flow\">\n<div class=\"wp-block-group has-background is-content-justification-left is-nowrap is-layout-flex wp-container-core-group-is-layout-385d3396 wp-block-group-is-layout-flex\" style=\"border-radius:5px;background-color:#d8eacc;padding-top:12px;padding-right:12px;padding-bottom:12px;padding-left:12px\">\n<figure class=\"wp-block-image size-large form-message-icon\"><img decoding=\"async\" src=\"data:image\/svg+xml;base64,PHN2ZyB3aWR0aD0iMTYiIGhlaWdodD0iMTYiIHZpZXdCb3g9IjAgMCAxNiAxNiIgZmlsbD0ibm9uZSIgeG1sbnM9Imh0dHA6Ly93d3cudzMub3JnLzIwMDAvc3ZnIj4KPHBhdGggZD0iTTggMTZDMy41ODE2IDE2IDAgMTIuNDE4NCAwIDhDMCAzLjU4MTYgMy41ODE2IDAgOCAwQzEyLjQxODQgMCAxNiAzLjU4MTYgMTYgOEMxNiAxMi40MTg0IDEyLjQxODQgMTYgOCAxNlpNOCAxNC40QzkuNjk3MzkgMTQuNCAxMS4zMjUzIDEzLjcyNTcgMTIuNTI1NSAxMi41MjU1QzEzLjcyNTcgMTEuMzI1MyAxNC40IDkuNjk3MzkgMTQuNCA4QzE0LjQgNi4zMDI2MSAxMy43MjU3IDQuNjc0NzUgMTIuNTI1NSAzLjQ3NDUyQzExLjMyNTMgMi4yNzQyOCA5LjY5NzM5IDEuNiA4IDEuNkM2LjMwMjYxIDEuNiA0LjY3NDc1IDIuMjc0MjggMy40NzQ1MiAzLjQ3NDUyQzIuMjc0MjggNC42NzQ3NSAxLjYgNi4zMDI2MSAxLjYgOEMxLjYgOS42OTczOSAyLjI3NDI4IDExLjMyNTMgMy40NzQ1MiAxMi41MjU1QzQuNjc0NzUgMTMuNzI1NyA2LjMwMjYxIDE0LjQgOCAxNC40Wk03LjIwMjQgMTEuMkwzLjgwOCA3LjgwNTZMNC45MzkyIDYuNjc0NEw3LjIwMjQgOC45Mzc2TDExLjcyNzIgNC40MTJMMTIuODU5MiA1LjU0MzJMNy4yMDI0IDExLjJaIiBmaWxsPSIjNDY4NDFFIi8+Cjwvc3ZnPgo=\" alt=\"Success\" class=\"wp-image-3811\"\/><\/figure>\n\n\n\n<p class=\"has-black-color has-text-color has-tiny-font-size\" style=\"font-size:12px;font-style:normal;font-weight:500;line-height:1.2\">Ihre Nachricht wurde erfolgreich versendet.<\/p>\n<\/div>\n<\/div>\n\n\n\n<div class=\"wp-block-gutena-form-error-msg alignfull is-layout-flow wp-block-gutena-form-error-msg-is-layout-flow\">\n<div class=\"wp-block-group has-background is-content-justification-left is-nowrap is-layout-flex wp-container-core-group-is-layout-385d3396 wp-block-group-is-layout-flex\" style=\"border-radius:5px;background-color:#ffd3d3;padding-top:12px;padding-right:12px;padding-bottom:12px;padding-left:12px\">\n<figure class=\"wp-block-image size-large form-message-icon\"><img decoding=\"async\" src=\"data:image\/svg+xml;base64,PHN2ZyB3aWR0aD0iMTYiIGhlaWdodD0iMTYiIHZpZXdCb3g9IjAgMCAxNiAxNiIgZmlsbD0ibm9uZSIgeG1sbnM9Imh0dHA6Ly93d3cudzMub3JnLzIwMDAvc3ZnIj4KPHBhdGggZD0iTTggMTZDMy41ODE2IDE2IDAgMTIuNDE4NCAwIDhDMCAzLjU4MTYgMy41ODE2IDAgOCAwQzEyLjQxODQgMCAxNiAzLjU4MTYgMTYgOEMxNiAxMi40MTg0IDEyLjQxODQgMTYgOCAxNlpNOCAxNC40QzkuNjk3MzkgMTQuNCAxMS4zMjUzIDEzLjcyNTcgMTIuNTI1NSAxMi41MjU1QzEzLjcyNTcgMTEuMzI1MyAxNC40IDkuNjk3MzkgMTQuNCA4QzE0LjQgNi4zMDI2MSAxMy43MjU3IDQuNjc0NzUgMTIuNTI1NSAzLjQ3NDUyQzExLjMyNTMgMi4yNzQyOCA5LjY5NzM5IDEuNiA4IDEuNkM2LjMwMjYxIDEuNiA0LjY3NDc1IDIuMjc0MjggMy40NzQ1MiAzLjQ3NDUyQzIuMjc0MjggNC42NzQ3NSAxLjYgNi4zMDI2MSAxLjYgOEMxLjYgOS42OTczOSAyLjI3NDI4IDExLjMyNTMgMy40NzQ1MiAxMi41MjU1QzQuNjc0NzUgMTMuNzI1NyA2LjMwMjYxIDE0LjQgOCAxNC40Wk03LjIgMTAuNEg4LjhWMTJINy4yVjEwLjRaTTcuMiA0SDguOFY4LjhINy4yVjRaIiBmaWxsPSIjQzUxOTE5Ii8+Cjwvc3ZnPgo=\" alt=\"Error\" class=\"wp-image-3811\"\/><\/figure>\n\n\n\n<p class=\"gutena-forms-error-text has-black-color has-text-color\" style=\"font-size:12px;font-style:normal;font-weight:500;line-height:1.2\">Entschuldigen Sie Ihre Nachricht konnte nich gesendet werden, Bitte gucken Sie oben wegen Fehleingaben.<\/p>\n<\/div>\n<\/div>\n<\/form>\n<\/div>\n<\/div>\n\n\n\n<hr class=\"wp-block-separator has-alpha-channel-opacity\"\/>\n","protected":false},"excerpt":{"rendered":"<p>Malerarbeiten Professionelle Malerarbeiten umfassen das fachgerechte Streichen, Lackieren und Gestalten von Innen- und Au\u00dfenfl\u00e4chen. Sie zeichnen sich durch pr\u00e4zise Vorbereitung, [&hellip;]<\/p>\n","protected":false},"author":1,"featured_media":0,"parent":0,"menu_order":0,"comment_status":"closed","ping_status":"closed","template":"","meta":{"site-sidebar-layout":"no-sidebar","site-content-layout":"plain-container","ast-site-content-layout":"default","site-content-style":"default","site-sidebar-style":"default","ast-global-header-display":"","ast-banner-title-visibility":"","ast-main-header-display":"","ast-hfb-above-header-display":"","ast-hfb-below-header-display":"","ast-hfb-mobile-header-display":"","site-post-title":"disabled","ast-breadcrumbs-content":"","ast-featured-img":"","footer-sml-layout":"","ast-disable-related-posts":"","theme-transparent-header-meta":"enabled","adv-header-id-meta":"","stick-header-meta":"","header-above-stick-meta":"","header-main-stick-meta":"","header-below-stick-meta":"","astra-migrate-meta-layouts":"default","ast-page-background-enabled":"default","ast-page-background-meta":{"desktop":{"background-color":"var(--ast-global-color-5)","background-image":"","background-repeat":"repeat","background-position":"center center","background-size":"auto","background-attachment":"scroll","background-type":"","background-media":"","overlay-type":"","overlay-color":"","overlay-opacity":"","overlay-gradient":""},"tablet":{"background-color":"","background-image":"","background-repeat":"repeat","background-position":"center center","background-size":"auto","background-attachment":"scroll","background-type":"","background-media":"","overlay-type":"","overlay-color":"","overlay-opacity":"","overlay-gradient":""},"mobile":{"background-color":"","background-image":"","background-repeat":"repeat","background-position":"center center","background-size":"auto","background-attachment":"scroll","background-type":"","background-media":"","overlay-type":"","overlay-color":"","overlay-opacity":"","overlay-gradient":""}},"ast-content-background-meta":{"desktop":{"background-color":"var(--ast-global-color-4)","background-image":"","background-repeat":"repeat","background-position":"center center","background-size":"auto","background-attachment":"scroll","background-type":"","background-media":"","overlay-type":"","overlay-color":"","overlay-opacity":"","overlay-gradient":""},"tablet":{"background-color":"var(--ast-global-color-4)","background-image":"","background-repeat":"repeat","background-position":"center center","background-size":"auto","background-attachment":"scroll","background-type":"","background-media":"","overlay-type":"","overlay-color":"","overlay-opacity":"","overlay-gradient":""},"mobile":{"background-color":"var(--ast-global-color-4)","background-image":"","background-repeat":"repeat","background-position":"center center","background-size":"auto","background-attachment":"scroll","background-type":"","background-media":"","overlay-type":"","overlay-color":"","overlay-opacity":"","overlay-gradient":""}},"footnotes":""},"class_list":["post-9","page","type-page","status-publish","hentry"],"_links":{"self":[{"href":"https:\/\/www.aurora-immoservice.de\/index.php?rest_route=\/wp\/v2\/pages\/9","targetHints":{"allow":["GET"]}}],"collection":[{"href":"https:\/\/www.aurora-immoservice.de\/index.php?rest_route=\/wp\/v2\/pages"}],"about":[{"href":"https:\/\/www.aurora-immoservice.de\/index.php?rest_route=\/wp\/v2\/types\/page"}],"author":[{"embeddable":true,"href":"https:\/\/www.aurora-immoservice.de\/index.php?rest_route=\/wp\/v2\/users\/1"}],"replies":[{"embeddable":true,"href":"https:\/\/www.aurora-immoservice.de\/index.php?rest_route=%2Fwp%2Fv2%2Fcomments&post=9"}],"version-history":[{"count":50,"href":"https:\/\/www.aurora-immoservice.de\/index.php?rest_route=\/wp\/v2\/pages\/9\/revisions"}],"predecessor-version":[{"id":344,"href":"https:\/\/www.aurora-immoservice.de\/index.php?rest_route=\/wp\/v2\/pages\/9\/revisions\/344"}],"wp:attachment":[{"href":"https:\/\/www.aurora-immoservice.de\/index.php?rest_route=%2Fwp%2Fv2%2Fmedia&parent=9"}],"curies":[{"name":"wp","href":"https:\/\/api.w.org\/{rel}","templated":true}]}}