{"id":83,"date":"2025-05-04T12:01:29","date_gmt":"2025-05-04T12:01:29","guid":{"rendered":"https:\/\/www.aurora-immoservice.de\/?page_id=83"},"modified":"2025-05-06T08:16:06","modified_gmt":"2025-05-06T08:16:06","slug":"fassadenarbeiten","status":"publish","type":"page","link":"https:\/\/www.aurora-immoservice.de\/?page_id=83","title":{"rendered":"Fassadenarbeiten"},"content":{"rendered":"\n<div class=\"wp-block-columns is-layout-flex wp-container-core-columns-is-layout-28f84493 wp-block-columns-is-layout-flex\" id=\"startseite-oben\">\n<div class=\"wp-block-column is-layout-flow wp-block-column-is-layout-flow\" style=\"flex-basis:25%\">\n<figure class=\"wp-block-image aligncenter size-full\"><img loading=\"lazy\" decoding=\"async\" width=\"1024\" height=\"683\" src=\"https:\/\/www.aurora-immoservice.de\/wp-content\/uploads\/2025\/05\/BX_Bad-Saeckingen-Bahnhofpl-49.jpg\" alt=\"\" class=\"wp-image-87\" srcset=\"https:\/\/www.aurora-immoservice.de\/wp-content\/uploads\/2025\/05\/BX_Bad-Saeckingen-Bahnhofpl-49.jpg 1024w, https:\/\/www.aurora-immoservice.de\/wp-content\/uploads\/2025\/05\/BX_Bad-Saeckingen-Bahnhofpl-49-300x200.jpg 300w, https:\/\/www.aurora-immoservice.de\/wp-content\/uploads\/2025\/05\/BX_Bad-Saeckingen-Bahnhofpl-49-768x512.jpg 768w\" sizes=\"auto, (max-width: 1024px) 100vw, 1024px\" \/><\/figure>\n<\/div>\n\n\n\n<div class=\"wp-block-column is-layout-flow wp-block-column-is-layout-flow\" style=\"flex-basis:50%\">\n<p><strong>Fassadenarbeiten \u2013 Schutz und Sch\u00f6nheit f\u00fcr Ihr Geb\u00e4ude<\/strong><br>Die Fassade ist weit mehr als nur die \u00e4u\u00dfere H\u00fclle eines Geb\u00e4udes \u2013 sie sch\u00fctzt die Bausubstanz vor Witterungseinfl\u00fcssen, tr\u00e4gt ma\u00dfgeblich zur Energieeffizienz bei und pr\u00e4gt den Charakter eines Hauses. Fassadenarbeiten sind daher eine wichtige Investition in Werterhalt, Sicherheit und \u00c4sthetik.<br>Zu den klassischen Fassadenarbeiten z\u00e4hlen Reinigung, Sanierung, Putz- und Malerarbeiten sowie das Anbringen von W\u00e4rmed\u00e4mmverbundsystemen (WDVS). Eine gr\u00fcndliche Reinigung entfernt Schmutz, Algen oder Moos und bereitet die Oberfl\u00e4che optimal f\u00fcr weitere Ma\u00dfnahmen vor. Besch\u00e4digte Putzschichten werden saniert, Risse fachgerecht geschlossen und neue Anstriche sorgen f\u00fcr Schutz und eine ansprechende Optik.<br>Bei der Wahl der Materialien und Farben wird auf die baulichen Gegebenheiten sowie auf Umweltvertr\u00e4glichkeit und Langlebigkeit geachtet. Besonders gefragt sind heute atmungsaktive Systeme, die Feuchtigkeit regulieren und so Bausch\u00e4den vorbeugen. Auch energetische Aspekte spielen eine zentrale Rolle: Durch eine moderne Fassadend\u00e4mmung k\u00f6nnen Heizkosten deutlich gesenkt werden.<br>Fachgerecht ausgef\u00fchrte Fassadenarbeiten verl\u00e4ngern die Lebensdauer eines Geb\u00e4udes erheblich, steigern dessen Wert und verbessern das Erscheinungsbild nachhaltig. Ob Altbausanierung oder Neubau \u2013 eine professionelle Fassadengestaltung ist immer ein sichtbares Zeichen f\u00fcr Qualit\u00e4t und Werterhalt.<\/p>\n<\/div>\n\n\n\n<div class=\"wp-block-column is-layout-flow wp-block-column-is-layout-flow\" style=\"flex-basis:25%\"><\/div>\n<\/div>\n\n\n\n<figure class=\"wp-block-gallery has-nested-images columns-default is-cropped wp-block-gallery-1 is-layout-flex wp-block-gallery-is-layout-flex\">\n<figure class=\"wp-block-image size-large\"><img loading=\"lazy\" decoding=\"async\" width=\"952\" height=\"768\" data-id=\"88\" src=\"https:\/\/www.aurora-immoservice.de\/wp-content\/uploads\/2025\/05\/BX_Bad-Saeckingen-Bahnhofpl-22.jpg\" alt=\"\" class=\"wp-image-88\" srcset=\"https:\/\/www.aurora-immoservice.de\/wp-content\/uploads\/2025\/05\/BX_Bad-Saeckingen-Bahnhofpl-22.jpg 952w, https:\/\/www.aurora-immoservice.de\/wp-content\/uploads\/2025\/05\/BX_Bad-Saeckingen-Bahnhofpl-22-300x242.jpg 300w, https:\/\/www.aurora-immoservice.de\/wp-content\/uploads\/2025\/05\/BX_Bad-Saeckingen-Bahnhofpl-22-768x620.jpg 768w\" sizes=\"auto, (max-width: 952px) 100vw, 952px\" \/><\/figure>\n\n\n\n<figure class=\"wp-block-image size-large\"><img loading=\"lazy\" decoding=\"async\" width=\"1024\" height=\"683\" data-id=\"91\" src=\"https:\/\/www.aurora-immoservice.de\/wp-content\/uploads\/2025\/05\/BX_Bad-Saeckingen-Bahnhofpl-25.jpg\" alt=\"\" class=\"wp-image-91\" srcset=\"https:\/\/www.aurora-immoservice.de\/wp-content\/uploads\/2025\/05\/BX_Bad-Saeckingen-Bahnhofpl-25.jpg 1024w, https:\/\/www.aurora-immoservice.de\/wp-content\/uploads\/2025\/05\/BX_Bad-Saeckingen-Bahnhofpl-25-300x200.jpg 300w, https:\/\/www.aurora-immoservice.de\/wp-content\/uploads\/2025\/05\/BX_Bad-Saeckingen-Bahnhofpl-25-768x512.jpg 768w\" sizes=\"auto, (max-width: 1024px) 100vw, 1024px\" \/><\/figure>\n\n\n\n<figure class=\"wp-block-image size-large\"><img loading=\"lazy\" decoding=\"async\" width=\"1024\" height=\"683\" data-id=\"90\" src=\"https:\/\/www.aurora-immoservice.de\/wp-content\/uploads\/2025\/05\/BX_Bad-Saeckingen-Bahnhofpl-31.jpg\" alt=\"\" class=\"wp-image-90\" srcset=\"https:\/\/www.aurora-immoservice.de\/wp-content\/uploads\/2025\/05\/BX_Bad-Saeckingen-Bahnhofpl-31.jpg 1024w, https:\/\/www.aurora-immoservice.de\/wp-content\/uploads\/2025\/05\/BX_Bad-Saeckingen-Bahnhofpl-31-300x200.jpg 300w, https:\/\/www.aurora-immoservice.de\/wp-content\/uploads\/2025\/05\/BX_Bad-Saeckingen-Bahnhofpl-31-768x512.jpg 768w\" sizes=\"auto, (max-width: 1024px) 100vw, 1024px\" \/><\/figure>\n\n\n\n<figure class=\"wp-block-image size-large\"><img loading=\"lazy\" decoding=\"async\" width=\"1024\" height=\"683\" data-id=\"89\" src=\"https:\/\/www.aurora-immoservice.de\/wp-content\/uploads\/2025\/05\/BX_Bad-Saeckingen-Bahnhofpl-48.jpg\" alt=\"\" class=\"wp-image-89\" srcset=\"https:\/\/www.aurora-immoservice.de\/wp-content\/uploads\/2025\/05\/BX_Bad-Saeckingen-Bahnhofpl-48.jpg 1024w, https:\/\/www.aurora-immoservice.de\/wp-content\/uploads\/2025\/05\/BX_Bad-Saeckingen-Bahnhofpl-48-300x200.jpg 300w, https:\/\/www.aurora-immoservice.de\/wp-content\/uploads\/2025\/05\/BX_Bad-Saeckingen-Bahnhofpl-48-768x512.jpg 768w\" sizes=\"auto, (max-width: 1024px) 100vw, 1024px\" \/><\/figure>\n<\/figure>\n","protected":false},"excerpt":{"rendered":"<p>Fassadenarbeiten \u2013 Schutz und Sch\u00f6nheit f\u00fcr Ihr Geb\u00e4udeDie Fassade ist weit mehr als nur die \u00e4u\u00dfere H\u00fclle eines Geb\u00e4udes \u2013 [&hellip;]<\/p>\n","protected":false},"author":1,"featured_media":0,"parent":0,"menu_order":0,"comment_status":"closed","ping_status":"closed","template":"","meta":{"site-sidebar-layout":"default","site-content-layout":"","ast-site-content-layout":"default","site-content-style":"default","site-sidebar-style":"default","ast-global-header-display":"","ast-banner-title-visibility":"","ast-main-header-display":"","ast-hfb-above-header-display":"","ast-hfb-below-header-display":"","ast-hfb-mobile-header-display":"","site-post-title":"","ast-breadcrumbs-content":"","ast-featured-img":"","footer-sml-layout":"","ast-disable-related-posts":"","theme-transparent-header-meta":"","adv-header-id-meta":"","stick-header-meta":"","header-above-stick-meta":"","header-main-stick-meta":"","header-below-stick-meta":"","astra-migrate-meta-layouts":"default","ast-page-background-enabled":"default","ast-page-background-meta":{"desktop":{"background-color":"var(--ast-global-color-5)","background-image":"","background-repeat":"repeat","background-position":"center center","background-size":"auto","background-attachment":"scroll","background-type":"","background-media":"","overlay-type":"","overlay-color":"","overlay-opacity":"","overlay-gradient":""},"tablet":{"background-color":"","background-image":"","background-repeat":"repeat","background-position":"center center","background-size":"auto","background-attachment":"scroll","background-type":"","background-media":"","overlay-type":"","overlay-color":"","overlay-opacity":"","overlay-gradient":""},"mobile":{"background-color":"","background-image":"","background-repeat":"repeat","background-position":"center center","background-size":"auto","background-attachment":"scroll","background-type":"","background-media":"","overlay-type":"","overlay-color":"","overlay-opacity":"","overlay-gradient":""}},"ast-content-background-meta":{"desktop":{"background-color":"var(--ast-global-color-4)","background-image":"","background-repeat":"repeat","background-position":"center center","background-size":"auto","background-attachment":"scroll","background-type":"","background-media":"","overlay-type":"","overlay-color":"","overlay-opacity":"","overlay-gradient":""},"tablet":{"background-color":"var(--ast-global-color-4)","background-image":"","background-repeat":"repeat","background-position":"center center","background-size":"auto","background-attachment":"scroll","background-type":"","background-media":"","overlay-type":"","overlay-color":"","overlay-opacity":"","overlay-gradient":""},"mobile":{"background-color":"var(--ast-global-color-4)","background-image":"","background-repeat":"repeat","background-position":"center center","background-size":"auto","background-attachment":"scroll","background-type":"","background-media":"","overlay-type":"","overlay-color":"","overlay-opacity":"","overlay-gradient":""}},"footnotes":""},"class_list":["post-83","page","type-page","status-publish","hentry"],"_links":{"self":[{"href":"https:\/\/www.aurora-immoservice.de\/index.php?rest_route=\/wp\/v2\/pages\/83","targetHints":{"allow":["GET"]}}],"collection":[{"href":"https:\/\/www.aurora-immoservice.de\/index.php?rest_route=\/wp\/v2\/pages"}],"about":[{"href":"https:\/\/www.aurora-immoservice.de\/index.php?rest_route=\/wp\/v2\/types\/page"}],"author":[{"embeddable":true,"href":"https:\/\/www.aurora-immoservice.de\/index.php?rest_route=\/wp\/v2\/users\/1"}],"replies":[{"embeddable":true,"href":"https:\/\/www.aurora-immoservice.de\/index.php?rest_route=%2Fwp%2Fv2%2Fcomments&post=83"}],"version-history":[{"count":4,"href":"https:\/\/www.aurora-immoservice.de\/index.php?rest_route=\/wp\/v2\/pages\/83\/revisions"}],"predecessor-version":[{"id":303,"href":"https:\/\/www.aurora-immoservice.de\/index.php?rest_route=\/wp\/v2\/pages\/83\/revisions\/303"}],"wp:attachment":[{"href":"https:\/\/www.aurora-immoservice.de\/index.php?rest_route=%2Fwp%2Fv2%2Fmedia&parent=83"}],"curies":[{"name":"wp","href":"https:\/\/api.w.org\/{rel}","templated":true}]}}