{"id":2,"date":"2025-05-04T06:53:24","date_gmt":"2025-05-04T06:53:24","guid":{"rendered":"https:\/\/www.aurora-immoservice.de\/?page_id=2"},"modified":"2025-05-06T08:15:48","modified_gmt":"2025-05-06T08:15:48","slug":"sample-page","status":"publish","type":"page","link":"https:\/\/www.aurora-immoservice.de\/?page_id=2","title":{"rendered":"Malerarbeiten"},"content":{"rendered":"\n<div class=\"wp-block-columns is-layout-flex wp-container-core-columns-is-layout-28f84493 wp-block-columns-is-layout-flex\" id=\"startseite-oben\">\n<div class=\"wp-block-column is-layout-flow wp-block-column-is-layout-flow\" style=\"flex-basis:25%\">\n<figure class=\"wp-block-image size-large\"><img loading=\"lazy\" decoding=\"async\" width=\"683\" height=\"1024\" src=\"https:\/\/www.aurora-immoservice.de\/wp-content\/uploads\/2025\/05\/BX_Flurgestaltung-soziale-Einrichtung-683x1024.jpg\" alt=\"\" class=\"wp-image-71\" srcset=\"https:\/\/www.aurora-immoservice.de\/wp-content\/uploads\/2025\/05\/BX_Flurgestaltung-soziale-Einrichtung-683x1024.jpg 683w, https:\/\/www.aurora-immoservice.de\/wp-content\/uploads\/2025\/05\/BX_Flurgestaltung-soziale-Einrichtung-200x300.jpg 200w, https:\/\/www.aurora-immoservice.de\/wp-content\/uploads\/2025\/05\/BX_Flurgestaltung-soziale-Einrichtung-768x1152.jpg 768w, https:\/\/www.aurora-immoservice.de\/wp-content\/uploads\/2025\/05\/BX_Flurgestaltung-soziale-Einrichtung-1024x1536.jpg 1024w, https:\/\/www.aurora-immoservice.de\/wp-content\/uploads\/2025\/05\/BX_Flurgestaltung-soziale-Einrichtung-1365x2048.jpg 1365w, https:\/\/www.aurora-immoservice.de\/wp-content\/uploads\/2025\/05\/BX_Flurgestaltung-soziale-Einrichtung-scaled.jpg 1707w\" sizes=\"auto, (max-width: 683px) 100vw, 683px\" \/><\/figure>\n<\/div>\n\n\n\n<div class=\"wp-block-column is-layout-flow wp-block-column-is-layout-flow\" style=\"flex-basis:50%\">\n<p><strong>Malerarbeiten \u2013 frischer Anstrich f\u00fcr ein neues Lebensgef\u00fchl<\/strong><\/p>\n\n\n\n<p>Malerarbeiten sind weit mehr als das Auftragen von Farbe \u2013 sie bringen R\u00e4ume zum Strahlen, sch\u00fctzen Oberfl\u00e4chen und schaffen Atmosph\u00e4re. Ein professioneller Anstrich wertet jede Immobilie optisch auf, tr\u00e4gt zur Werterhaltung bei und sorgt f\u00fcr ein rundum gepflegtes Erscheinungsbild.<\/p>\n\n\n\n<p>Zum Leistungsspektrum geh\u00f6ren das fachgerechte Vorbereiten der Untergr\u00fcnde, das Ausbessern von Rissen und Unebenheiten sowie das Auftragen von hochwertigen Anstrichen und Beschichtungen. Dabei spielt die Auswahl der richtigen Farben, Materialien und Techniken eine zentrale Rolle, um sowohl \u00e4sthetische als auch funktionale Anspr\u00fcche zu erf\u00fcllen.<\/p>\n\n\n\n<p>Ob im Innen- oder Au\u00dfenbereich \u2013 Malerarbeiten bieten unz\u00e4hlige M\u00f6glichkeiten zur individuellen Gestaltung. Moderne Farbkonzepte, kreative Techniken und abgestimmte Materialien verleihen jedem Objekt eine pers\u00f6nliche Note. Gleichzeitig sch\u00fctzen langlebige Anstriche Fassaden und Innenw\u00e4nde nachhaltig vor Umwelteinfl\u00fcssen, Feuchtigkeit und mechanischer Beanspruchung.<\/p>\n\n\n\n<p>Sorgfalt, handwerkliches K\u00f6nnen und ein gutes Auge f\u00fcr Details sind die Grundlage f\u00fcr perfekte Ergebnisse. Mit professionell ausgef\u00fchrten Malerarbeiten entstehen R\u00e4ume, in denen man sich wohlf\u00fchlt und Geb\u00e4ude, die Eindruck machen.<\/p>\n<\/div>\n\n\n\n<div class=\"wp-block-column is-layout-flow wp-block-column-is-layout-flow\" style=\"flex-basis:25%\"><\/div>\n<\/div>\n\n\n\n<figure class=\"wp-block-gallery has-nested-images columns-default is-cropped wp-block-gallery-1 is-layout-flex wp-block-gallery-is-layout-flex\">\n<figure class=\"wp-block-image size-large\"><img loading=\"lazy\" decoding=\"async\" width=\"1024\" height=\"768\" data-id=\"73\" src=\"https:\/\/www.aurora-immoservice.de\/wp-content\/uploads\/2025\/05\/BX_Aufenthaltsraum-Lounge-Industrial-1024x768.jpg\" alt=\"\" class=\"wp-image-73\" srcset=\"https:\/\/www.aurora-immoservice.de\/wp-content\/uploads\/2025\/05\/BX_Aufenthaltsraum-Lounge-Industrial-1024x768.jpg 1024w, https:\/\/www.aurora-immoservice.de\/wp-content\/uploads\/2025\/05\/BX_Aufenthaltsraum-Lounge-Industrial-300x225.jpg 300w, https:\/\/www.aurora-immoservice.de\/wp-content\/uploads\/2025\/05\/BX_Aufenthaltsraum-Lounge-Industrial-768x576.jpg 768w, https:\/\/www.aurora-immoservice.de\/wp-content\/uploads\/2025\/05\/BX_Aufenthaltsraum-Lounge-Industrial-1536x1152.jpg 1536w, https:\/\/www.aurora-immoservice.de\/wp-content\/uploads\/2025\/05\/BX_Aufenthaltsraum-Lounge-Industrial-2048x1536.jpg 2048w\" sizes=\"auto, (max-width: 1024px) 100vw, 1024px\" \/><\/figure>\n\n\n\n<figure class=\"wp-block-image size-large\"><img loading=\"lazy\" decoding=\"async\" width=\"1024\" height=\"743\" data-id=\"74\" src=\"https:\/\/www.aurora-immoservice.de\/wp-content\/uploads\/2025\/05\/BX_Kueche-weiss-1024x743.jpg\" alt=\"\" class=\"wp-image-74\" srcset=\"https:\/\/www.aurora-immoservice.de\/wp-content\/uploads\/2025\/05\/BX_Kueche-weiss-1024x743.jpg 1024w, https:\/\/www.aurora-immoservice.de\/wp-content\/uploads\/2025\/05\/BX_Kueche-weiss-300x218.jpg 300w, https:\/\/www.aurora-immoservice.de\/wp-content\/uploads\/2025\/05\/BX_Kueche-weiss-768x557.jpg 768w, https:\/\/www.aurora-immoservice.de\/wp-content\/uploads\/2025\/05\/BX_Kueche-weiss-1536x1115.jpg 1536w, https:\/\/www.aurora-immoservice.de\/wp-content\/uploads\/2025\/05\/BX_Kueche-weiss-2048x1486.jpg 2048w\" sizes=\"auto, (max-width: 1024px) 100vw, 1024px\" \/><\/figure>\n\n\n\n<figure class=\"wp-block-image size-large\"><img loading=\"lazy\" decoding=\"async\" width=\"1024\" height=\"683\" data-id=\"75\" src=\"https:\/\/www.aurora-immoservice.de\/wp-content\/uploads\/2025\/05\/BX_Treppenhaus-Aufzug-pink-1024x683.jpg\" alt=\"\" class=\"wp-image-75\" srcset=\"https:\/\/www.aurora-immoservice.de\/wp-content\/uploads\/2025\/05\/BX_Treppenhaus-Aufzug-pink-1024x683.jpg 1024w, https:\/\/www.aurora-immoservice.de\/wp-content\/uploads\/2025\/05\/BX_Treppenhaus-Aufzug-pink-300x200.jpg 300w, https:\/\/www.aurora-immoservice.de\/wp-content\/uploads\/2025\/05\/BX_Treppenhaus-Aufzug-pink-768x512.jpg 768w, https:\/\/www.aurora-immoservice.de\/wp-content\/uploads\/2025\/05\/BX_Treppenhaus-Aufzug-pink-1536x1024.jpg 1536w, https:\/\/www.aurora-immoservice.de\/wp-content\/uploads\/2025\/05\/BX_Treppenhaus-Aufzug-pink-2048x1365.jpg 2048w\" sizes=\"auto, (max-width: 1024px) 100vw, 1024px\" \/><\/figure>\n\n\n\n<figure class=\"wp-block-image size-large\"><img loading=\"lazy\" decoding=\"async\" width=\"1024\" height=\"683\" data-id=\"76\" src=\"https:\/\/www.aurora-immoservice.de\/wp-content\/uploads\/2025\/05\/BX_Wohnhaus-Eingangsbereich-weiss-1024x683.jpg\" alt=\"\" class=\"wp-image-76\" srcset=\"https:\/\/www.aurora-immoservice.de\/wp-content\/uploads\/2025\/05\/BX_Wohnhaus-Eingangsbereich-weiss-1024x683.jpg 1024w, https:\/\/www.aurora-immoservice.de\/wp-content\/uploads\/2025\/05\/BX_Wohnhaus-Eingangsbereich-weiss-300x200.jpg 300w, https:\/\/www.aurora-immoservice.de\/wp-content\/uploads\/2025\/05\/BX_Wohnhaus-Eingangsbereich-weiss-768x512.jpg 768w, https:\/\/www.aurora-immoservice.de\/wp-content\/uploads\/2025\/05\/BX_Wohnhaus-Eingangsbereich-weiss-1536x1024.jpg 1536w, https:\/\/www.aurora-immoservice.de\/wp-content\/uploads\/2025\/05\/BX_Wohnhaus-Eingangsbereich-weiss-2048x1365.jpg 2048w\" sizes=\"auto, (max-width: 1024px) 100vw, 1024px\" \/><\/figure>\n<\/figure>\n\n\n\n<p><\/p>\n","protected":false},"excerpt":{"rendered":"<p>Malerarbeiten \u2013 frischer Anstrich f\u00fcr ein neues Lebensgef\u00fchl Malerarbeiten sind weit mehr als das Auftragen von Farbe \u2013 sie bringen [&hellip;]<\/p>\n","protected":false},"author":1,"featured_media":0,"parent":0,"menu_order":0,"comment_status":"closed","ping_status":"open","template":"","meta":{"site-sidebar-layout":"default","site-content-layout":"","ast-site-content-layout":"default","site-content-style":"default","site-sidebar-style":"default","ast-global-header-display":"","ast-banner-title-visibility":"","ast-main-header-display":"","ast-hfb-above-header-display":"","ast-hfb-below-header-display":"","ast-hfb-mobile-header-display":"","site-post-title":"","ast-breadcrumbs-content":"","ast-featured-img":"","footer-sml-layout":"","ast-disable-related-posts":"","theme-transparent-header-meta":"","adv-header-id-meta":"","stick-header-meta":"","header-above-stick-meta":"","header-main-stick-meta":"","header-below-stick-meta":"","astra-migrate-meta-layouts":"default","ast-page-background-enabled":"default","ast-page-background-meta":{"desktop":{"background-color":"var(--ast-global-color-5)","background-image":"","background-repeat":"repeat","background-position":"center center","background-size":"auto","background-attachment":"scroll","background-type":"","background-media":"","overlay-type":"","overlay-color":"","overlay-opacity":"","overlay-gradient":""},"tablet":{"background-color":"","background-image":"","background-repeat":"repeat","background-position":"center center","background-size":"auto","background-attachment":"scroll","background-type":"","background-media":"","overlay-type":"","overlay-color":"","overlay-opacity":"","overlay-gradient":""},"mobile":{"background-color":"","background-image":"","background-repeat":"repeat","background-position":"center center","background-size":"auto","background-attachment":"scroll","background-type":"","background-media":"","overlay-type":"","overlay-color":"","overlay-opacity":"","overlay-gradient":""}},"ast-content-background-meta":{"desktop":{"background-color":"var(--ast-global-color-4)","background-image":"","background-repeat":"repeat","background-position":"center center","background-size":"auto","background-attachment":"scroll","background-type":"","background-media":"","overlay-type":"","overlay-color":"","overlay-opacity":"","overlay-gradient":""},"tablet":{"background-color":"var(--ast-global-color-4)","background-image":"","background-repeat":"repeat","background-position":"center center","background-size":"auto","background-attachment":"scroll","background-type":"","background-media":"","overlay-type":"","overlay-color":"","overlay-opacity":"","overlay-gradient":""},"mobile":{"background-color":"var(--ast-global-color-4)","background-image":"","background-repeat":"repeat","background-position":"center center","background-size":"auto","background-attachment":"scroll","background-type":"","background-media":"","overlay-type":"","overlay-color":"","overlay-opacity":"","overlay-gradient":""}},"footnotes":""},"class_list":["post-2","page","type-page","status-publish","hentry"],"_links":{"self":[{"href":"https:\/\/www.aurora-immoservice.de\/index.php?rest_route=\/wp\/v2\/pages\/2","targetHints":{"allow":["GET"]}}],"collection":[{"href":"https:\/\/www.aurora-immoservice.de\/index.php?rest_route=\/wp\/v2\/pages"}],"about":[{"href":"https:\/\/www.aurora-immoservice.de\/index.php?rest_route=\/wp\/v2\/types\/page"}],"author":[{"embeddable":true,"href":"https:\/\/www.aurora-immoservice.de\/index.php?rest_route=\/wp\/v2\/users\/1"}],"replies":[{"embeddable":true,"href":"https:\/\/www.aurora-immoservice.de\/index.php?rest_route=%2Fwp%2Fv2%2Fcomments&post=2"}],"version-history":[{"count":6,"href":"https:\/\/www.aurora-immoservice.de\/index.php?rest_route=\/wp\/v2\/pages\/2\/revisions"}],"predecessor-version":[{"id":302,"href":"https:\/\/www.aurora-immoservice.de\/index.php?rest_route=\/wp\/v2\/pages\/2\/revisions\/302"}],"wp:attachment":[{"href":"https:\/\/www.aurora-immoservice.de\/index.php?rest_route=%2Fwp%2Fv2%2Fmedia&parent=2"}],"curies":[{"name":"wp","href":"https:\/\/api.w.org\/{rel}","templated":true}]}}